{"id":13,"date":"2025-06-23T20:22:08","date_gmt":"2025-06-23T20:22:08","guid":{"rendered":"http:\/\/www.frantisekhais.cz\/?page_id=13"},"modified":"2025-06-23T20:56:02","modified_gmt":"2025-06-23T20:56:02","slug":"uvod","status":"publish","type":"page","link":"https:\/\/www.frantisekhais.cz\/","title":{"rendered":"\u00davod"},"content":{"rendered":"<h3 data-pm-slice=\"1 1 []\">Franti\u0161ek Hais (1818\u20131899)<\/h3>\n<p data-pm-slice=\"1 1 []\"><strong>Pra\u017esk\u00fd fla\u0161inet\u00e1\u0159, muzikant ulice, tich\u00fd sv\u011bdek prom\u011bn 19. stolet\u00ed<\/strong><\/p>\n<p>Franti\u0161ek Hais byl jedn\u00edm z mnoha bezejmenn\u00fdch, kte\u0159\u00ed tvo\u0159ili tv\u00e1\u0159 star\u00e9 Prahy \u2013 a p\u0159esto byl v\u00fdjime\u010dn\u00fd. Svou hudbou z fla\u0161inetu p\u0159in\u00e1\u0161el radost do ulic a dotv\u00e1\u0159el atmosf\u00e9ru m\u011bsta, kter\u00e9 se m\u011bnilo s ka\u017ed\u00fdm desetilet\u00edm. Tento web vznikl jako digit\u00e1ln\u00ed pam\u00e1tka na jeho \u017eivot a dobu, ve kter\u00e9 \u017eil.<\/p>\n","protected":false},"excerpt":{"rendered":"<p>Franti\u0161ek Hais (1818\u20131899) Pra\u017esk\u00fd fla\u0161inet\u00e1\u0159, muzikant ulice, tich\u00fd sv\u011bdek prom\u011bn 19. stolet\u00ed Franti\u0161ek Hais byl jedn\u00edm z mnoha bezejmenn\u00fdch, kte\u0159\u00ed tvo\u0159ili tv\u00e1\u0159 star\u00e9 Prahy \u2013 a p\u0159esto byl v\u00fdjime\u010dn\u00fd. Svou hudbou z fla\u0161inetu p\u0159in\u00e1\u0161el radost do ulic a dotv\u00e1\u0159el atmosf\u00e9ru m\u011bsta, kter\u00e9 se m\u011bnilo s ka\u017ed\u00fdm desetilet\u00edm. Tento web vznikl jako digit\u00e1ln\u00ed pam\u00e1tka na jeho&hellip;&nbsp;<a href=\"https:\/\/www.frantisekhais.cz\/\" rel=\"bookmark\"><span class=\"screen-reader-text\">\u00davod<\/span><\/a><\/p>\n","protected":false},"author":1,"featured_media":0,"parent":0,"menu_order":0,"comment_status":"closed","ping_status":"closed","template":"","meta":{"neve_meta_sidebar":"","neve_meta_container":"","neve_meta_enable_content_width":"off","neve_meta_content_width":100,"neve_meta_title_alignment":"","neve_meta_author_avatar":"","neve_post_elements_order":"","neve_meta_disable_header":"","neve_meta_disable_footer":"","neve_meta_disable_title":"","footnotes":""},"class_list":["post-13","page","type-page","status-publish","hentry"],"_links":{"self":[{"href":"https:\/\/www.frantisekhais.cz\/index.php?rest_route=\/wp\/v2\/pages\/13","targetHints":{"allow":["GET"]}}],"collection":[{"href":"https:\/\/www.frantisekhais.cz\/index.php?rest_route=\/wp\/v2\/pages"}],"about":[{"href":"https:\/\/www.frantisekhais.cz\/index.php?rest_route=\/wp\/v2\/types\/page"}],"author":[{"embeddable":true,"href":"https:\/\/www.frantisekhais.cz\/index.php?rest_route=\/wp\/v2\/users\/1"}],"replies":[{"embeddable":true,"href":"https:\/\/www.frantisekhais.cz\/index.php?rest_route=%2Fwp%2Fv2%2Fcomments&post=13"}],"version-history":[{"count":4,"href":"https:\/\/www.frantisekhais.cz\/index.php?rest_route=\/wp\/v2\/pages\/13\/revisions"}],"predecessor-version":[{"id":37,"href":"https:\/\/www.frantisekhais.cz\/index.php?rest_route=\/wp\/v2\/pages\/13\/revisions\/37"}],"wp:attachment":[{"href":"https:\/\/www.frantisekhais.cz\/index.php?rest_route=%2Fwp%2Fv2%2Fmedia&parent=13"}],"curies":[{"name":"wp","href":"https:\/\/api.w.org\/{rel}","templated":true}]}}